{"id":16,"date":"2010-11-21T16:57:42","date_gmt":"2010-11-21T14:57:42","guid":{"rendered":"http:\/\/www.kumiankka.com\/taikurimarko\/?page_id=16"},"modified":"2023-02-27T21:47:20","modified_gmt":"2023-02-27T19:47:20","slug":"info","status":"publish","type":"page","link":"https:\/\/www.kumiankka.com\/taikurimarko\/?page_id=16","title":{"rendered":"Ansioluettelo"},"content":{"rendered":"\n<p><a href=\"http:\/\/www.kumiankka.com\/arkisto\/markonmedia\/Markoholdingupdiabolosmall.jpg\"><\/a> <a href=\"http:\/\/www.kumiankka.com\/arkisto\/markonmedia\/Markoontopoftheworld2small.jpg\"><\/a><br><strong>Marko Petteri Akkanen<\/strong> (synt. 02.03.1985)<br><a href=\"http:\/\/www.taikurimarko.net\">www.taikurimarko.net<\/a><\/p>\n\n\n\n<p><strong>Opinnot<\/strong><\/p>\n\n\n\n<ul>\n<li>Kandidaatin tutkinto Tampereen yliopistosta syksyll\u00e4 2012. Tutkielman aihe: &#8221;P\u00e4\u00e4t\u00f6ksenteko suomalaisissa parisuhteissa&#8221;. Sivuaineina Vuorovaikutteinen teknologia sek\u00e4 hypermedia. Lis\u00e4ksi psykologian perusopintoja sek\u00e4 puheviestin\u00e4n maisteriopintoja.<\/li>\n\n\n\n<li>Lukuvuonna 2005-2006 Puheviestinn\u00e4n approbatur avoimessa yliopistossa Lahden Kansanopiston puheviestint\u00e4-linjalla.<\/li>\n\n\n\n<li>Ylioppilaaksi vuonna 2004 Nastopoli lukiosta ja samaan aikaan valmistuminen Lahden Kauppaoppilaitoksesta Datanomiksi.<\/li>\n\n\n\n<li>2004 \u00c4\u00e4nentoistotekniikan k\u00e4yt\u00f6n perus- ja jatko-kurssit Lahden Kes\u00e4yliopistossa.<\/li>\n\n\n\n<li>2002-2010\u00a0 osallistunut erilaisille esiintymistaidon- ja ilmaisun kursseille.<\/li>\n<\/ul>\n\n\n\n<p><strong>Taikuus ja Jongleeraus<\/strong><\/p>\n\n\n\n<p>Marko kiinnostui taikuudesta vuonna -96 ja on siit\u00e4 l\u00e4htien ollut aktiivisesti mukana Suomen taikureiden toiminnassa. Innostus alkoi lapsuuden yst\u00e4v\u00e4n taikatempusta, joka oli luonnollisesti opittava heti. Vuonna -98 Marko alkoi taikuuden ohella opettelemaan my\u00f6s jongleerausta.<\/p>\n\n\n\n<p>N\u00e4m\u00e4 kaksi lajia ovat auttaneet h\u00e4nt\u00e4 vuosien varrella kehittym\u00e4\u00e4n esiintyj\u00e4n\u00e4 sek\u00e4 henkisesti ett\u00e4 fyysisesti. Marko on erikoistunut Jongleerauksessa diaboloihin sek\u00e4 jojoihin, ja Taikuudessa stand-up tyyppisiin esityksiin sek\u00e4 korttitemppuihin. Taikuuden ja Jongleerauksen kautta kiinnostus esiintymistaitoon sek\u00e4 ihmisten k\u00e4ytt\u00e4ytymiseen vuorovaikutustilanteissa ohjasivat Markon tien kohti puheviestint\u00e4\u00e4 ja yliopistoa.<\/p>\n\n\n\n<p><strong>Toiminta eri vuosina<\/strong><\/p>\n\n\n\n<figure class=\"wp-block-table\"><table><tbody><tr><td><strong>1999<\/strong><\/td><td>Liittynyt Suomen Taikurit Ry:n j\u00e4seneksi<\/td><\/tr><tr><td><strong>1999-2001<\/strong><\/td><td>Taikuri Tuomo Hemmil\u00e4n yksityisopetuksessa<\/td><\/tr><tr><td><strong>2000-2002<\/strong><\/td><td>Toiminut Suomen Taikurit Ry:n hallituksessa<\/td><\/tr><tr><td><strong>2002<\/strong><\/td><td>Perustanut Sirkus Kumiankan yhdess\u00e4 jongl\u00f6\u00f6ri Aaro Kontion kanssa<\/td><\/tr><tr><td><strong>2004<\/strong><\/td><td>J\u00e4rjest\u00e4nyt Lahdessa yhdess\u00e4 Lahden Nuorisotoimen kanssa taikurikurssin<\/td><\/tr><tr><td><\/td><td>Virallistanut Sirkus Kumiankan ohjelmatoimistoksi<\/td><\/tr><tr><td><\/td><td>Tuntiopettajana Nuokun Sirkuksessa Lahdessa, taikatemput ja jongleeraus<\/td><\/tr><tr><td><strong>2005<\/strong><\/td><td>Armeija kutsui miehen palvelukseen<\/td><\/tr><tr><td><strong>2005-2006<\/strong><\/td><td>Puheviestinn\u00e4n approbatur avoimessa yliopistossa<\/td><\/tr><tr><td><strong>2006<\/strong><\/td><td>Jongleerauskerhon pit\u00e4j\u00e4n\u00e4 Lahdessa<\/td><\/tr><tr><td><\/td><td>Sirkusproduktioita sek\u00e4 esityksi\u00e4 Lahdessa<\/td><\/tr><tr><td><\/td><td>Multimagiga produktio Helsingin Studio Pasilassa <a href=\"http:\/\/www.hkt.fi\/ohjelmisto\/play.mhtml?mult\">www.hkt.fi\/ (multimagiga)<\/a><\/td><\/tr><tr><td><\/td><td>Aloittanut opinnot Tampereen Yliopistossa; Puheviestint\u00e4, tietojenk\u00e4sittelytiede, psykologia<\/td><\/tr><tr><td><strong>2007<\/strong><\/td><td>Sorin Sirkuksen kanssa yhteisty\u00f6ss\u00e4 Taikurikurssi Tampereella<\/td><\/tr><tr><td><\/td><td>Temppuja &amp; Taikoja kiertue Helsingin iltap\u00e4iv\u00e4kerhoihin<\/td><\/tr><tr><td><\/td><td>Torveloita vai Taikureita? -esitys Linnanm\u00e4ell\u00e4<\/td><\/tr><tr><td><\/td><td>Joulun Siivet -produktio Espoossa<\/td><\/tr><tr><td><strong>2008<\/strong><\/td><td>FDC, Finnish Diabolo Convention organisointi<\/td><\/tr><tr><td><\/td><td>Joulun Siivet produktio Tampere-talo, Mikkeli, \u00c4\u00e4nekoski, Jyv\u00e4skyl\u00e4<\/td><\/tr><tr><td><\/td><td>Marko Suomen Diaboloseuran puheenjohtajana, Toimintakausi 2008-2009. <a href=\"http:\/\/www.diaboloseura.fi\">www.diaboloseura.fi<\/a>.<\/td><\/tr><tr><td><strong>2009<\/strong><\/td><td>FDC, Finnish Diabolo Convention organisointi<\/td><\/tr><tr><td><\/td><td>Joulun Siivet produktio<\/td><\/tr><tr><td><strong>2009-2010<\/strong><\/td><td>Suomen Diaboloseura ry harjoitusvalmennus, syys\/kev\u00e4tkausi<\/td><\/tr><tr><td><strong>2010<\/strong><\/td><td>Kirkonkyl\u00e4n koululla diabolo kerhojen ohjaajana<\/td><\/tr><tr><td>&nbsp;<\/td><td>Leiriohjaajana, Jongleerausleiri. Pitkis-sport 2010, Liiku Ry, <a href=\"http:\/\/www.liiku.fi\">www.liiku.fi<\/a><\/td><\/tr><tr><td>&nbsp;<\/td><td>Leiriohjaajana, Taikurileiri yhdess\u00e4 Lahden Seurakuntayhtym\u00e4n kanssa<\/td><\/tr><tr><td>&nbsp;<\/td><td>FDC, Finnish Diabolo Convention 2010 organisointi<\/td><\/tr><tr><td><strong>2011<\/strong><\/td><td>Jongleerauksen tuntiopettajana Sorin Sirkuksessa<\/td><\/tr><tr><td>&nbsp;<\/td><td>Leiriohjaajana, Jongleerausleiri. Pitkis-sport 2011, Liiku Ry, <a href=\"http:\/\/www.liiku.fi\">www.liiku.fi<\/a><\/td><\/tr><tr><td>&nbsp;<\/td><td>Leiriohjaajana, Masalan Sirkusleirill\u00e4<\/td><\/tr><tr><td>&nbsp;<\/td><td>NJC, FDC &amp; Diabolon ja Jojon SM-kilpailut tapahtumien j\u00e4rjest\u00e4j\u00e4n\u00e4<\/td><\/tr><tr><td>&nbsp;<\/td><td>Diabolokursseja Tampereella, Ahjolan Diabolokurssi, Suomi-Kiinaseuran diabolokurssi<\/td><\/tr><tr><td><strong>2012<\/strong><\/td><td>Jongleerauksen ja Taikuuden tuntiopettajana Sorin Sirkuksessa<\/td><\/tr><tr><td>&nbsp;<\/td><td>Ohjaajana Sirkuskerhoissa: Kirkkoharjunkoulu diabolokerho, Huutij\u00e4rvenkoulu diabolokerho, Raikunkoulu diabolokerho sek\u00e4 Hyrsinginkoulu sirkuskerho<\/td><\/tr><tr><td>&nbsp;<\/td><td>Ohjaajana Sirkusleireill\u00e4: Masalansirkusleiri, Sorin Sirkuksen Taikuus ja Jongleerausleirit sek\u00e4 Pitkis-Sport 2012<\/td><\/tr><tr><td>&nbsp;<\/td><td>Esiintyj\u00e4n\u00e4 Varietee Gaalassa Lappeenrannassa, <a href=\"http:\/\/varieteegaala.fi\/\">http:\/\/varieteegaala.fi\/<\/a><\/td><\/tr><tr><td>&nbsp;<\/td><td>FDC, Finnish Diabolo Convention 2012 tapahtumaj\u00e4rjest\u00e4j\u00e4n\u00e4<\/td><\/tr><tr><td>&nbsp;<\/td><td>Taikuri Marko Tampereen Joulutorilla, yhteisty\u00f6ss\u00e4 Jaakobin Sirkuksen kanssa<\/td><\/tr><tr><td><strong>2013<\/strong><\/td><td>Jongleerauksen ja Taikuuden tuntiopettajana Sorin Sirkuksessa<\/td><\/tr><\/tbody><\/table><\/figure>\n\n\n\n<p>Erilaisten produktioiden ohella Marko on esiintynyt erilaisissa juhlissa ja tilaisuuksissa.<\/p>\n\n\n\n<p><strong>Palkinnot<\/strong><\/p>\n\n\n\n<p>Diabolon SM-kilpailut 2022 3. sija<br>Finnish Kendama Champion 2012 (EKA, jatkanut titteli\u00e4 vuodella)<br>Diabolon SM-kilpailut 2012 2. sija<br>Jojon SM-kilpailut 2012 X-sarja 2. sija<br>Jojon SM-kilpailut 2012 1A-sarja 2. sija<br>Finnish Kendama Champion (EJC2011)<br>Diabolon SM-kilpailut 2011 1. sija<br>Jojon SM-kilpailut 2011 X-sarja 1. sija<br>Jojon SM-kilpailut 2011 1A-sarja 3. sija<br>Finnish Kendama Champion (EJC2010)<br>Diabolon SM-Kilpailut 2010 3. sija<br>Jojon SM-kilpailut 2010 1A-sarja 2. sija<br>Jojon SM-kilpailut 2010 X-sarja 2. sija<br>Diabolon SM-Kilpailut 2009 3. sija<br>Nuorten taikureiden SM-kilpailut 3. sija (2002)<br>Nuorten taikureiden SM-kilpailut 3. sija (2000)<\/p>\n\n\n\n<p><strong>Apurahat<\/strong><\/p>\n\n\n\n<p>Taiteen Keskustoimikunta my\u00f6nsi vuonna 2004 apurahan (2000e) Aaro Kontiolle ja ty\u00f6ryhm\u00e4lle (mm. Marko Akkanen) ensimm\u00e4isen Suomalaisen Diabolo-jongleerausv\u00e4lineen opetusvideon tekemiseen.<\/p>\n\n\n\n<p>Kadotettu Taika -ty\u00f6ryhm\u00e4lle 2005 (Anssi Kankkunen, Tapio Kankaanp\u00e4\u00e4, Marko Akkanen) my\u00f6nnettiin Satakunnan Taidetoimikunnalta 500e apuraha produktion harjoittelukustannuksiin.<\/p>\n\n\n\n<p>Suomen Kulttuurirahaston Satakunnan rahaston 200e kohdeapuraha vuonna 2005 Kadotettu Taika -ty\u00f6ryhm\u00e4lle nykysirkusesityksen tuotantokustannuksiin.<\/p>\n\n\n\n<p>Lahden Kulttuuritoimen Marko Akkaselle ja ty\u00f6ryhm\u00e4lle my\u00f6nt\u00e4m\u00e4 250e kohdeapuraha vuonna 2006 toteutettuun Sirkus Kumiankan sirkusesitykseen &#8221;Hattu&#8221;.<\/p>\n","protected":false},"excerpt":{"rendered":"<p>Marko Petteri Akkanen (synt. 02.03.1985)www.taikurimarko.net Opinnot Taikuus ja Jongleeraus Marko kiinnostui taikuudesta vuonna -96 ja on siit\u00e4 l\u00e4htien ollut aktiivisesti mukana Suomen taikureiden toiminnassa. Innostus alkoi lapsuuden yst\u00e4v\u00e4n taikatempusta, joka oli luonnollisesti opittava heti. Vuonna -98 Marko alkoi taikuuden ohella opettelemaan my\u00f6s jongleerausta. N\u00e4m\u00e4 kaksi lajia ovat auttaneet h\u00e4nt\u00e4 vuosien varrella kehittym\u00e4\u00e4n esiintyj\u00e4n\u00e4 sek\u00e4 henkisesti [&hellip;]<\/p>\n","protected":false},"author":1,"featured_media":0,"parent":56,"menu_order":1,"comment_status":"closed","ping_status":"closed","template":"","meta":{"footnotes":""},"_links":{"self":[{"href":"https:\/\/www.kumiankka.com\/taikurimarko\/index.php?rest_route=\/wp\/v2\/pages\/16"}],"collection":[{"href":"https:\/\/www.kumiankka.com\/taikurimarko\/index.php?rest_route=\/wp\/v2\/pages"}],"about":[{"href":"https:\/\/www.kumiankka.com\/taikurimarko\/index.php?rest_route=\/wp\/v2\/types\/page"}],"author":[{"embeddable":true,"href":"https:\/\/www.kumiankka.com\/taikurimarko\/index.php?rest_route=\/wp\/v2\/users\/1"}],"replies":[{"embeddable":true,"href":"https:\/\/www.kumiankka.com\/taikurimarko\/index.php?rest_route=%2Fwp%2Fv2%2Fcomments&post=16"}],"version-history":[{"count":37,"href":"https:\/\/www.kumiankka.com\/taikurimarko\/index.php?rest_route=\/wp\/v2\/pages\/16\/revisions"}],"predecessor-version":[{"id":302,"href":"https:\/\/www.kumiankka.com\/taikurimarko\/index.php?rest_route=\/wp\/v2\/pages\/16\/revisions\/302"}],"up":[{"embeddable":true,"href":"https:\/\/www.kumiankka.com\/taikurimarko\/index.php?rest_route=\/wp\/v2\/pages\/56"}],"wp:attachment":[{"href":"https:\/\/www.kumiankka.com\/taikurimarko\/index.php?rest_route=%2Fwp%2Fv2%2Fmedia&parent=16"}],"curies":[{"name":"wp","href":"https:\/\/api.w.org\/{rel}","templated":true}]}}