{"id":29,"date":"2010-11-21T17:30:08","date_gmt":"2010-11-21T15:30:08","guid":{"rendered":"http:\/\/www.kumiankka.com\/taikurimarko\/?page_id=29"},"modified":"2024-03-21T22:20:28","modified_gmt":"2024-03-21T20:20:28","slug":"opetus","status":"publish","type":"page","link":"https:\/\/www.kumiankka.com\/taikurimarko\/?page_id=29","title":{"rendered":"Opetus"},"content":{"rendered":"<p><a href=\"https:\/\/www.kumiankka.com\/taikurimarko\/wp-content\/uploads\/2023\/03\/Taikuri-Marko-korttispringi.jpg\"><img loading=\"lazy\" decoding=\"async\" class=\"alignleft wp-image-353\" title=\"Vertax -tyyliss\u00e4 Diabolo pidet\u00e4\u00e4n vaakatasossa.\" src=\"https:\/\/www.kumiankka.com\/taikurimarko\/wp-content\/uploads\/2023\/03\/Taikuri-Marko-korttispringi-200x300.jpg\" alt=\"\" width=\"300\" height=\"450\" srcset=\"https:\/\/www.kumiankka.com\/taikurimarko\/wp-content\/uploads\/2023\/03\/Taikuri-Marko-korttispringi-200x300.jpg 200w, https:\/\/www.kumiankka.com\/taikurimarko\/wp-content\/uploads\/2023\/03\/Taikuri-Marko-korttispringi-683x1024.jpg 683w, https:\/\/www.kumiankka.com\/taikurimarko\/wp-content\/uploads\/2023\/03\/Taikuri-Marko-korttispringi.jpg 694w\" sizes=\"(max-width: 300px) 100vw, 300px\" \/><\/a>Diabolo sek\u00e4 jojo saavuttavat p\u00e4iv\u00e4 p\u00e4iv\u00e4lt\u00e4 enemm\u00e4n suosiota. Taikuuden lis\u00e4ksi voit tilata Markon opettamaan temppujen tekemist\u00e4 erilaisilla taitoleluilla. Marko toimii aktiivisesti jongleerausopettajana Tampereen alueella, mutta on my\u00f6s valmis pit\u00e4m\u00e4\u00e4n eri muotoisia kursseja tai leirej\u00e4 muuallakin Suomessa. Mik\u00e4li olet aikeissa j\u00e4rjest\u00e4\u00e4 jongleeraus tai taika-aiheista kurssia, leiri\u00e4 tai kerhoa, ole rohkeasti yhteydess\u00e4.<\/p>\n<p>T\u00e4ss\u00e4 nuoriso- ja yhteis\u00f6alan opiskelijoille suunnatussa koulutuksessa jaettavaksi lupaamani materiaalit. Lyhyess\u00e4 opetuskokonaisuudessa opeteltiin uusia taitoja ohjaajille ja sit\u00e4 mit\u00e4 taikuuden, jongleerauksen tai pulmien avulla voidaan tehd\u00e4 yhdess\u00e4 kun silloin kun p\u00e4\u00e4 ly\u00f6 tyhj\u00e4\u00e4 ja muita ideoita vet\u00e4j\u00e4ll\u00e4 ei ole. Osaatko sin\u00e4 ratkaista n\u00e4m\u00e4 tulitikkupulmat katsomatta ratkaisuja?<\/p>\n<p><a href=\"https:\/\/arcade.kapsi.fi\/markonslidet\/NYO-Takatasku-pdf.pdf\">Taikuutta ja sirkusta ohjaajille PDF<\/a><\/p>\n<p><a href=\"https:\/\/arcade.kapsi.fi\/markonslidet\/NYO-Takatasku-ppt.pptx\">Taikuutta ja sirkusta ohjaajille Powerpoint<\/a><\/p>\n<p><a href=\"https:\/\/arcade.kapsi.fi\/markonslidet\/NYO-Takatasku-keynote.key\">Taikuutta ja sirkusta ohjaajille Keynote<\/a><\/p>\n","protected":false},"excerpt":{"rendered":"<p>Diabolo sek\u00e4 jojo saavuttavat p\u00e4iv\u00e4 p\u00e4iv\u00e4lt\u00e4 enemm\u00e4n suosiota. Taikuuden lis\u00e4ksi voit tilata Markon opettamaan temppujen tekemist\u00e4 erilaisilla taitoleluilla. Marko toimii aktiivisesti jongleerausopettajana Tampereen alueella, mutta on my\u00f6s valmis pit\u00e4m\u00e4\u00e4n eri muotoisia kursseja tai leirej\u00e4 muuallakin Suomessa. Mik\u00e4li olet aikeissa j\u00e4rjest\u00e4\u00e4 jongleeraus tai taika-aiheista kurssia, leiri\u00e4 tai kerhoa, ole rohkeasti yhteydess\u00e4. T\u00e4ss\u00e4 nuoriso- ja yhteis\u00f6alan opiskelijoille [&hellip;]<\/p>\n","protected":false},"author":1,"featured_media":0,"parent":0,"menu_order":4,"comment_status":"closed","ping_status":"closed","template":"","meta":{"footnotes":""},"_links":{"self":[{"href":"https:\/\/www.kumiankka.com\/taikurimarko\/index.php?rest_route=\/wp\/v2\/pages\/29"}],"collection":[{"href":"https:\/\/www.kumiankka.com\/taikurimarko\/index.php?rest_route=\/wp\/v2\/pages"}],"about":[{"href":"https:\/\/www.kumiankka.com\/taikurimarko\/index.php?rest_route=\/wp\/v2\/types\/page"}],"author":[{"embeddable":true,"href":"https:\/\/www.kumiankka.com\/taikurimarko\/index.php?rest_route=\/wp\/v2\/users\/1"}],"replies":[{"embeddable":true,"href":"https:\/\/www.kumiankka.com\/taikurimarko\/index.php?rest_route=%2Fwp%2Fv2%2Fcomments&post=29"}],"version-history":[{"count":30,"href":"https:\/\/www.kumiankka.com\/taikurimarko\/index.php?rest_route=\/wp\/v2\/pages\/29\/revisions"}],"predecessor-version":[{"id":389,"href":"https:\/\/www.kumiankka.com\/taikurimarko\/index.php?rest_route=\/wp\/v2\/pages\/29\/revisions\/389"}],"wp:attachment":[{"href":"https:\/\/www.kumiankka.com\/taikurimarko\/index.php?rest_route=%2Fwp%2Fv2%2Fmedia&parent=29"}],"curies":[{"name":"wp","href":"https:\/\/api.w.org\/{rel}","templated":true}]}}