{"id":37,"date":"2010-11-21T17:34:49","date_gmt":"2010-11-21T15:34:49","guid":{"rendered":"http:\/\/www.kumiankka.com\/taikurimarko\/?page_id=37"},"modified":"2023-03-22T22:42:18","modified_gmt":"2023-03-22T20:42:18","slug":"medialle","status":"publish","type":"page","link":"https:\/\/www.kumiankka.com\/taikurimarko\/?page_id=37","title":{"rendered":"Medialle"},"content":{"rendered":"<p>T\u00e4m\u00e4n sivun kuvat ovat vapaasti k\u00e4ytett\u00e4viss\u00e4si. Muistathan kuitenkin aina mainita kuvaajan nimen kuvan yhteydess\u00e4. Kuvaaja: <em>Janne Kaakinen<\/em>.<\/p>\n<p>Ladataksenne klikatkaa kuvaa tai linkki\u00e4 hiiren<em> oikean puoleisella<\/em> napilla ja tallentakaa kuva koneellenne valitsemalla ponnahdusvalikosta kuvan tallennus.<\/p>\n<p><a href=\"https:\/\/www.kumiankka.com\/taikurimarko\/wp-content\/uploads\/2023\/03\/Taikuri-Marko-Henkselit-scaled.jpg\"><img loading=\"lazy\" decoding=\"async\" class=\"size-medium wp-image-370 alignnone\" src=\"https:\/\/www.kumiankka.com\/taikurimarko\/wp-content\/uploads\/2023\/03\/Taikuri-Marko-Henkselit-200x300.jpg\" alt=\"\" width=\"200\" height=\"300\" srcset=\"https:\/\/www.kumiankka.com\/taikurimarko\/wp-content\/uploads\/2023\/03\/Taikuri-Marko-Henkselit-200x300.jpg 200w, https:\/\/www.kumiankka.com\/taikurimarko\/wp-content\/uploads\/2023\/03\/Taikuri-Marko-Henkselit-684x1024.jpg 684w, https:\/\/www.kumiankka.com\/taikurimarko\/wp-content\/uploads\/2023\/03\/Taikuri-Marko-Henkselit-768x1150.jpg 768w, https:\/\/www.kumiankka.com\/taikurimarko\/wp-content\/uploads\/2023\/03\/Taikuri-Marko-Henkselit-1026x1536.jpg 1026w, https:\/\/www.kumiankka.com\/taikurimarko\/wp-content\/uploads\/2023\/03\/Taikuri-Marko-Henkselit-1367x2048.jpg 1367w, https:\/\/www.kumiankka.com\/taikurimarko\/wp-content\/uploads\/2023\/03\/Taikuri-Marko-Henkselit-700x1048.jpg 700w, https:\/\/www.kumiankka.com\/taikurimarko\/wp-content\/uploads\/2023\/03\/Taikuri-Marko-Henkselit-scaled.jpg 1709w\" sizes=\"(max-width: 200px) 100vw, 200px\" \/><\/a> <a href=\"https:\/\/www.kumiankka.com\/taikurimarko\/wp-content\/uploads\/2023\/03\/Taikuri-Marko-Santeri-scaled.jpg\"><img loading=\"lazy\" decoding=\"async\" class=\"size-medium wp-image-373 alignnone\" src=\"https:\/\/www.kumiankka.com\/taikurimarko\/wp-content\/uploads\/2023\/03\/Taikuri-Marko-Santeri-219x300.jpg\" alt=\"\" width=\"219\" height=\"300\" srcset=\"https:\/\/www.kumiankka.com\/taikurimarko\/wp-content\/uploads\/2023\/03\/Taikuri-Marko-Santeri-219x300.jpg 219w, https:\/\/www.kumiankka.com\/taikurimarko\/wp-content\/uploads\/2023\/03\/Taikuri-Marko-Santeri-749x1024.jpg 749w, https:\/\/www.kumiankka.com\/taikurimarko\/wp-content\/uploads\/2023\/03\/Taikuri-Marko-Santeri-768x1050.jpg 768w, https:\/\/www.kumiankka.com\/taikurimarko\/wp-content\/uploads\/2023\/03\/Taikuri-Marko-Santeri-1123x1536.jpg 1123w, https:\/\/www.kumiankka.com\/taikurimarko\/wp-content\/uploads\/2023\/03\/Taikuri-Marko-Santeri-1498x2048.jpg 1498w, https:\/\/www.kumiankka.com\/taikurimarko\/wp-content\/uploads\/2023\/03\/Taikuri-Marko-Santeri-700x957.jpg 700w, https:\/\/www.kumiankka.com\/taikurimarko\/wp-content\/uploads\/2023\/03\/Taikuri-Marko-Santeri-scaled.jpg 1872w\" sizes=\"(max-width: 219px) 100vw, 219px\" \/><\/a> <a href=\"https:\/\/www.kumiankka.com\/taikurimarko\/wp-content\/uploads\/2023\/03\/Taikuri-Marko-Tahystyskatse-scaled.jpg\"><img loading=\"lazy\" decoding=\"async\" class=\"size-medium wp-image-374 alignnone\" src=\"https:\/\/www.kumiankka.com\/taikurimarko\/wp-content\/uploads\/2023\/03\/Taikuri-Marko-Tahystyskatse-200x300.jpg\" alt=\"\" width=\"200\" height=\"300\" srcset=\"https:\/\/www.kumiankka.com\/taikurimarko\/wp-content\/uploads\/2023\/03\/Taikuri-Marko-Tahystyskatse-200x300.jpg 200w, https:\/\/www.kumiankka.com\/taikurimarko\/wp-content\/uploads\/2023\/03\/Taikuri-Marko-Tahystyskatse-684x1024.jpg 684w, https:\/\/www.kumiankka.com\/taikurimarko\/wp-content\/uploads\/2023\/03\/Taikuri-Marko-Tahystyskatse-768x1150.jpg 768w, https:\/\/www.kumiankka.com\/taikurimarko\/wp-content\/uploads\/2023\/03\/Taikuri-Marko-Tahystyskatse-1025x1536.jpg 1025w, https:\/\/www.kumiankka.com\/taikurimarko\/wp-content\/uploads\/2023\/03\/Taikuri-Marko-Tahystyskatse-1367x2048.jpg 1367w, https:\/\/www.kumiankka.com\/taikurimarko\/wp-content\/uploads\/2023\/03\/Taikuri-Marko-Tahystyskatse-700x1049.jpg 700w, https:\/\/www.kumiankka.com\/taikurimarko\/wp-content\/uploads\/2023\/03\/Taikuri-Marko-Tahystyskatse-scaled.jpg 1709w\" sizes=\"(max-width: 200px) 100vw, 200px\" \/><\/a> <a href=\"https:\/\/www.kumiankka.com\/taikurimarko\/wp-content\/uploads\/2023\/03\/Taikuri-Marko-Bolo-scaled.jpg\"><img loading=\"lazy\" decoding=\"async\" class=\"size-medium wp-image-369 alignnone\" src=\"https:\/\/www.kumiankka.com\/taikurimarko\/wp-content\/uploads\/2023\/03\/Taikuri-Marko-Bolo-243x300.jpg\" alt=\"\" width=\"243\" height=\"300\" srcset=\"https:\/\/www.kumiankka.com\/taikurimarko\/wp-content\/uploads\/2023\/03\/Taikuri-Marko-Bolo-243x300.jpg 243w, https:\/\/www.kumiankka.com\/taikurimarko\/wp-content\/uploads\/2023\/03\/Taikuri-Marko-Bolo-829x1024.jpg 829w, https:\/\/www.kumiankka.com\/taikurimarko\/wp-content\/uploads\/2023\/03\/Taikuri-Marko-Bolo-768x949.jpg 768w, https:\/\/www.kumiankka.com\/taikurimarko\/wp-content\/uploads\/2023\/03\/Taikuri-Marko-Bolo-1243x1536.jpg 1243w, https:\/\/www.kumiankka.com\/taikurimarko\/wp-content\/uploads\/2023\/03\/Taikuri-Marko-Bolo-1658x2048.jpg 1658w, https:\/\/www.kumiankka.com\/taikurimarko\/wp-content\/uploads\/2023\/03\/Taikuri-Marko-Bolo-700x865.jpg 700w\" sizes=\"(max-width: 243px) 100vw, 243px\" \/><\/a> <a href=\"https:\/\/www.kumiankka.com\/taikurimarko\/wp-content\/uploads\/2023\/03\/Taikuri-Marko-Liinat-scaled.jpg\"><img loading=\"lazy\" decoding=\"async\" class=\"size-medium wp-image-371 alignnone\" src=\"https:\/\/www.kumiankka.com\/taikurimarko\/wp-content\/uploads\/2023\/03\/Taikuri-Marko-Liinat-300x200.jpg\" alt=\"\" width=\"300\" height=\"200\" srcset=\"https:\/\/www.kumiankka.com\/taikurimarko\/wp-content\/uploads\/2023\/03\/Taikuri-Marko-Liinat-300x200.jpg 300w, https:\/\/www.kumiankka.com\/taikurimarko\/wp-content\/uploads\/2023\/03\/Taikuri-Marko-Liinat-1024x684.jpg 1024w, https:\/\/www.kumiankka.com\/taikurimarko\/wp-content\/uploads\/2023\/03\/Taikuri-Marko-Liinat-768x513.jpg 768w, https:\/\/www.kumiankka.com\/taikurimarko\/wp-content\/uploads\/2023\/03\/Taikuri-Marko-Liinat-1536x1025.jpg 1536w, https:\/\/www.kumiankka.com\/taikurimarko\/wp-content\/uploads\/2023\/03\/Taikuri-Marko-Liinat-2048x1367.jpg 2048w, https:\/\/www.kumiankka.com\/taikurimarko\/wp-content\/uploads\/2023\/03\/Taikuri-Marko-Liinat-700x467.jpg 700w\" sizes=\"(max-width: 300px) 100vw, 300px\" \/><\/a> <a href=\"https:\/\/www.kumiankka.com\/taikurimarko\/wp-content\/uploads\/2023\/03\/Marko-Pata-assa-scaled.jpg\"><img loading=\"lazy\" decoding=\"async\" class=\"size-medium wp-image-368 alignnone\" src=\"https:\/\/www.kumiankka.com\/taikurimarko\/wp-content\/uploads\/2023\/03\/Marko-Pata-assa-200x300.jpg\" alt=\"\" width=\"200\" height=\"300\" srcset=\"https:\/\/www.kumiankka.com\/taikurimarko\/wp-content\/uploads\/2023\/03\/Marko-Pata-assa-200x300.jpg 200w, https:\/\/www.kumiankka.com\/taikurimarko\/wp-content\/uploads\/2023\/03\/Marko-Pata-assa-684x1024.jpg 684w, https:\/\/www.kumiankka.com\/taikurimarko\/wp-content\/uploads\/2023\/03\/Marko-Pata-assa-768x1150.jpg 768w, https:\/\/www.kumiankka.com\/taikurimarko\/wp-content\/uploads\/2023\/03\/Marko-Pata-assa-1025x1536.jpg 1025w, https:\/\/www.kumiankka.com\/taikurimarko\/wp-content\/uploads\/2023\/03\/Marko-Pata-assa-1367x2048.jpg 1367w, https:\/\/www.kumiankka.com\/taikurimarko\/wp-content\/uploads\/2023\/03\/Marko-Pata-assa-700x1048.jpg 700w, https:\/\/www.kumiankka.com\/taikurimarko\/wp-content\/uploads\/2023\/03\/Marko-Pata-assa-scaled.jpg 1709w\" sizes=\"(max-width: 200px) 100vw, 200px\" \/><\/a> <a href=\"https:\/\/www.kumiankka.com\/taikurimarko\/wp-content\/uploads\/2023\/03\/Marko-Korttispringi-scaled.jpg\"><img loading=\"lazy\" decoding=\"async\" class=\"size-medium wp-image-367 alignnone\" src=\"https:\/\/www.kumiankka.com\/taikurimarko\/wp-content\/uploads\/2023\/03\/Marko-Korttispringi-200x300.jpg\" alt=\"\" width=\"200\" height=\"300\" srcset=\"https:\/\/www.kumiankka.com\/taikurimarko\/wp-content\/uploads\/2023\/03\/Marko-Korttispringi-200x300.jpg 200w, https:\/\/www.kumiankka.com\/taikurimarko\/wp-content\/uploads\/2023\/03\/Marko-Korttispringi-684x1024.jpg 684w, https:\/\/www.kumiankka.com\/taikurimarko\/wp-content\/uploads\/2023\/03\/Marko-Korttispringi-768x1151.jpg 768w, https:\/\/www.kumiankka.com\/taikurimarko\/wp-content\/uploads\/2023\/03\/Marko-Korttispringi-1025x1536.jpg 1025w, https:\/\/www.kumiankka.com\/taikurimarko\/wp-content\/uploads\/2023\/03\/Marko-Korttispringi-1367x2048.jpg 1367w, https:\/\/www.kumiankka.com\/taikurimarko\/wp-content\/uploads\/2023\/03\/Marko-Korttispringi-700x1049.jpg 700w, https:\/\/www.kumiankka.com\/taikurimarko\/wp-content\/uploads\/2023\/03\/Marko-Korttispringi-scaled.jpg 1709w\" sizes=\"(max-width: 200px) 100vw, 200px\" \/><\/a><\/p>\n","protected":false},"excerpt":{"rendered":"<p>T\u00e4m\u00e4n sivun kuvat ovat vapaasti k\u00e4ytett\u00e4viss\u00e4si. Muistathan kuitenkin aina mainita kuvaajan nimen kuvan yhteydess\u00e4. Kuvaaja: Janne Kaakinen. Ladataksenne klikatkaa kuvaa tai linkki\u00e4 hiiren oikean puoleisella napilla ja tallentakaa kuva koneellenne valitsemalla ponnahdusvalikosta kuvan tallennus.<\/p>\n","protected":false},"author":1,"featured_media":0,"parent":0,"menu_order":7,"comment_status":"closed","ping_status":"closed","template":"","meta":{"footnotes":""},"_links":{"self":[{"href":"https:\/\/www.kumiankka.com\/taikurimarko\/index.php?rest_route=\/wp\/v2\/pages\/37"}],"collection":[{"href":"https:\/\/www.kumiankka.com\/taikurimarko\/index.php?rest_route=\/wp\/v2\/pages"}],"about":[{"href":"https:\/\/www.kumiankka.com\/taikurimarko\/index.php?rest_route=\/wp\/v2\/types\/page"}],"author":[{"embeddable":true,"href":"https:\/\/www.kumiankka.com\/taikurimarko\/index.php?rest_route=\/wp\/v2\/users\/1"}],"replies":[{"embeddable":true,"href":"https:\/\/www.kumiankka.com\/taikurimarko\/index.php?rest_route=%2Fwp%2Fv2%2Fcomments&post=37"}],"version-history":[{"count":14,"href":"https:\/\/www.kumiankka.com\/taikurimarko\/index.php?rest_route=\/wp\/v2\/pages\/37\/revisions"}],"predecessor-version":[{"id":376,"href":"https:\/\/www.kumiankka.com\/taikurimarko\/index.php?rest_route=\/wp\/v2\/pages\/37\/revisions\/376"}],"wp:attachment":[{"href":"https:\/\/www.kumiankka.com\/taikurimarko\/index.php?rest_route=%2Fwp%2Fv2%2Fmedia&parent=37"}],"curies":[{"name":"wp","href":"https:\/\/api.w.org\/{rel}","templated":true}]}}