{"id":39,"date":"2010-11-21T17:35:38","date_gmt":"2010-11-21T15:35:38","guid":{"rendered":"http:\/\/www.kumiankka.com\/taikurimarko\/?page_id=39"},"modified":"2023-03-01T15:08:42","modified_gmt":"2023-03-01T13:08:42","slug":"referenssit","status":"publish","type":"page","link":"https:\/\/www.kumiankka.com\/taikurimarko\/?page_id=39","title":{"rendered":"Referenssit"},"content":{"rendered":"<p><a href=\"https:\/\/www.kumiankka.com\/taikurimarko\/wp-content\/uploads\/2011\/07\/Marko-keikaltakotiin.jpg\"><img loading=\"lazy\" decoding=\"async\" class=\"size-medium wp-image-174 alignright\" title=\"Keikalta kotiin - http:\/\/www.juhakuvaa.com\/\" src=\"https:\/\/www.kumiankka.com\/taikurimarko\/wp-content\/uploads\/2011\/07\/Marko-keikaltakotiin-198x300.jpg\" alt=\"Keikalta kotiin - http:\/\/www.juhakuvaa.com\/\" width=\"198\" height=\"300\" srcset=\"https:\/\/www.kumiankka.com\/taikurimarko\/wp-content\/uploads\/2011\/07\/Marko-keikaltakotiin-198x300.jpg 198w, https:\/\/www.kumiankka.com\/taikurimarko\/wp-content\/uploads\/2011\/07\/Marko-keikaltakotiin.jpg 513w\" sizes=\"(max-width: 198px) 100vw, 198px\" \/><\/a><\/p>\n<p>Perinteisesti esiintyj\u00e4t jakavat referenssej\u00e4 aiemmilta tilaajilta sek\u00e4 esityksi\u00e4 n\u00e4hneilt\u00e4 henkil\u00f6ilt\u00e4. Mik\u00e4li haluat auttaa minua jakamalla omat suosituksesi, l\u00e4het\u00e4 ne rohkeasti s\u00e4hk\u00f6postitse osoitteeseen marko@kumiankka.com.<\/p>\n<blockquote>\n<div class=\"gmail_default\"><em>Taikuri Marko vieraili partioleirill\u00e4mme hein\u00e4kuussa 2022. P\u00e4iv\u00e4ll\u00e4 h\u00e4n opetti leiril\u00e4isille (8-12 vuotiaita) taikatemppuja pienryhmiss\u00e4 ja illalla oli vuorossa Taika-Show, jossa ensin leiril\u00e4iset esittiv\u00e4t oppimiaan temppuja sen j\u00e4lkeen saimme kaikki ihastella ja ihmetell\u00e4 Taikuri-Markon temppuja ja osaamista. P\u00e4iv\u00e4 oli todella onnistunut, Marko on todella hyv\u00e4 taikuri ja esiintyj\u00e4 ja osasi ottaa lapset juuri oikealla tavalla huomioon p\u00e4iv\u00e4n aikana. 9-vuotiaan leiril\u00e4isen sanoin &#8221;Taika-p\u00e4iv\u00e4 oli kivin p\u00e4iv\u00e4 koko leirill\u00e4, Marko oli tosi kiltti ja temput r\u00e4j\u00e4ytti mun mielen ja oli siis ihan mielett\u00f6mi\u00e4!&#8221;<\/em> -Niina Palmunen, leirinjohtaja, Kymen Vartiot ry<\/div>\n<\/blockquote>\n<div>\u00a0<span style=\"color: #ffffff;\">.<\/span><\/div>\n<div><\/div>\n<blockquote>\n<div><em>&#8221;Mestarin tyylin\u00e4yte jojon SM-kilpailujen loppun\u00e4yt\u00f6ksess\u00e4.&#8221;<\/em> -Yle, Antti Makkonen 2011<\/div>\n<\/blockquote>\n<div>\u00a0<span style=\"color: #ffffff;\">.<\/span><\/div>\n<blockquote><p><em>&#8221;Siis v\u00e4h\u00e4nk\u00f6&#8230; siis v\u00e4h\u00e4nk\u00f6 s\u00e4 oot hyv\u00e4! Susta tulee legenda t\u00e4\u00e4ll\u00e4!&#8221; &#8211;<\/em>Nuori poika Linnanm\u00e4ell\u00e4 kes\u00e4ll\u00e4 2009<\/p><\/blockquote>\n<blockquote><p><em>&#8221;\u00c4llistytt\u00e4misest\u00e4 vastasi Sirkus Kumiankka -yritysnimen alla toimiva taikuri Marko Akkanen, joka on taikonut puolet el\u00e4m\u00e4st\u00e4\u00e4n eli yksitoista vuotta. Viime vuonna my\u00f6s tietojenk\u00e4sittelytiedett\u00e4 opiskeleva mies heitti komeat 90 keikkaa.&#8221; &#8211;<\/em>Tampereen talousalueen Yritysviesti, Helmikuu 2008<\/p><\/blockquote>\n<blockquote><p><em>&#8221;M\u00e4 en saa henke\u00e4&#8230;&#8221; &#8211;<\/em>nauruunsa tikahtuva Niko keskell\u00e4 esityst\u00e4. 2012 Parhaharjun \u00c4sk\u00f6nleiri.<em><br \/>\n<\/em><\/p><\/blockquote>\n<blockquote><p><em>&#8221;Diabolo kysyy hyv\u00e4\u00e4 koordinaatiokyky\u00e4. -Tekniikan opiskelijat eri puolilla maailmaa ovat harrastuksesta kiinnostuneita, Marko Akkanen sanoo ja hyrr\u00e4 lent\u00e4\u00e4.&#8221; <\/em>-Aamulehti 30.8.2008<\/p><\/blockquote>\n<blockquote>\n<p style=\"text-align: left;\"><a href=\"https:\/\/www.kumiankka.com\/taikurimarko\/wp-content\/uploads\/2011\/07\/MarkoSanteri.jpg\"><img loading=\"lazy\" decoding=\"async\" class=\"alignleft size-medium wp-image-176\" title=\"Marko&amp;Santeri -  http:\/\/www.juhakuvaa.com\/\" src=\"https:\/\/www.kumiankka.com\/taikurimarko\/wp-content\/uploads\/2011\/07\/MarkoSanteri-217x300.jpg\" alt=\"Marko&amp;Santeri - http:\/\/www.juhakuvaa.com\/\" width=\"217\" height=\"300\" srcset=\"https:\/\/www.kumiankka.com\/taikurimarko\/wp-content\/uploads\/2011\/07\/MarkoSanteri-217x300.jpg 217w, https:\/\/www.kumiankka.com\/taikurimarko\/wp-content\/uploads\/2011\/07\/MarkoSanteri.jpg 575w\" sizes=\"(max-width: 217px) 100vw, 217px\" \/><\/a><em>&#8221;Is this yo-yo video sped up, or are you just insane with yo-yos?!&#8221; <\/em>-Ryan, jongl\u00f6\u00f6ri 2009<\/p>\n<\/blockquote>\n<blockquote><p><em>&#8221;Voi sit\u00e4 vilin\u00e4\u00e4 ja vilskett\u00e4 maanantaiaamuna Launeen kirjaston k\u00e4yt\u00e4vill\u00e4, kun sata ja nelj\u00e4kymment\u00e4 lasta saapuivat seuraamaan Taikuri Markon taikatemppuja&#8230;&#8221;<\/em> -Etel\u00e4-Lahden pikkuj\u00e4ttil\u00e4inen 21.12.2008<\/p>\n<p><em>Marko I guess that means you&#8217;re the Finnish Kendama Champion&#8221; <\/em><span style=\"font-style: normal;\">-tuomari Void, European Kendama Open 2010 -kilpailut.<\/span><\/p><\/blockquote>\n","protected":false},"excerpt":{"rendered":"<p>Perinteisesti esiintyj\u00e4t jakavat referenssej\u00e4 aiemmilta tilaajilta sek\u00e4 esityksi\u00e4 n\u00e4hneilt\u00e4 henkil\u00f6ilt\u00e4. Mik\u00e4li haluat auttaa minua jakamalla omat suosituksesi, l\u00e4het\u00e4 ne rohkeasti s\u00e4hk\u00f6postitse osoitteeseen marko@kumiankka.com. Taikuri Marko vieraili partioleirill\u00e4mme hein\u00e4kuussa 2022. P\u00e4iv\u00e4ll\u00e4 h\u00e4n opetti leiril\u00e4isille (8-12 vuotiaita) taikatemppuja pienryhmiss\u00e4 ja illalla oli vuorossa Taika-Show, jossa ensin leiril\u00e4iset esittiv\u00e4t oppimiaan temppuja sen j\u00e4lkeen saimme kaikki ihastella ja ihmetell\u00e4 [&hellip;]<\/p>\n","protected":false},"author":1,"featured_media":0,"parent":0,"menu_order":11,"comment_status":"closed","ping_status":"closed","template":"","meta":{"footnotes":""},"_links":{"self":[{"href":"https:\/\/www.kumiankka.com\/taikurimarko\/index.php?rest_route=\/wp\/v2\/pages\/39"}],"collection":[{"href":"https:\/\/www.kumiankka.com\/taikurimarko\/index.php?rest_route=\/wp\/v2\/pages"}],"about":[{"href":"https:\/\/www.kumiankka.com\/taikurimarko\/index.php?rest_route=\/wp\/v2\/types\/page"}],"author":[{"embeddable":true,"href":"https:\/\/www.kumiankka.com\/taikurimarko\/index.php?rest_route=\/wp\/v2\/users\/1"}],"replies":[{"embeddable":true,"href":"https:\/\/www.kumiankka.com\/taikurimarko\/index.php?rest_route=%2Fwp%2Fv2%2Fcomments&post=39"}],"version-history":[{"count":27,"href":"https:\/\/www.kumiankka.com\/taikurimarko\/index.php?rest_route=\/wp\/v2\/pages\/39\/revisions"}],"predecessor-version":[{"id":327,"href":"https:\/\/www.kumiankka.com\/taikurimarko\/index.php?rest_route=\/wp\/v2\/pages\/39\/revisions\/327"}],"wp:attachment":[{"href":"https:\/\/www.kumiankka.com\/taikurimarko\/index.php?rest_route=%2Fwp%2Fv2%2Fmedia&parent=39"}],"curies":[{"name":"wp","href":"https:\/\/api.w.org\/{rel}","templated":true}]}}