{"id":53,"date":"2010-11-21T17:47:30","date_gmt":"2010-11-21T15:47:30","guid":{"rendered":"http:\/\/www.kumiankka.com\/taikurimarko\/?page_id=53"},"modified":"2012-12-26T21:13:06","modified_gmt":"2012-12-26T19:13:06","slug":"tapahtumat","status":"publish","type":"page","link":"https:\/\/www.kumiankka.com\/taikurimarko\/?page_id=53","title":{"rendered":"Tapahtumat"},"content":{"rendered":"<p><a href=\"http:\/\/www.fdc2013.org\"><img loading=\"lazy\" decoding=\"async\" class=\"size-full wp-image-123 alignleft\" src=\"https:\/\/www.kumiankka.com\/taikurimarko\/wp-content\/uploads\/2010\/11\/fdclinkki.png\" alt=\"Finnish Diabolo Convention\" width=\"237\" height=\"221\" \/><\/a><\/p>\n<p><strong>FDC<\/strong><\/p>\n<p>FDC on diabolojongleeraukseen keskittynyt tapahtuma, joka pidet\u00e4\u00e4n vuosittain idyllisess\u00e4 kyl\u00e4kouluymp\u00e4rist\u00f6ss\u00e4 Oriveden Er\u00e4j\u00e4rvell\u00e4. Kyseess\u00e4 on Diaboloharrastajien yhteinen festivaalimuotoinen tapahtuma, joka sis\u00e4lt\u00e4\u00e4 esityksi\u00e4, ty\u00f6pajoja ja yhdess\u00e4oloa. Tapahtuma kokoaa yhteen harrastajia sek\u00e4 ammattilaisia eri puolilta maailmaa vaihtamaan temppuja, ideoita sek\u00e4 kuulumisia.\u00a0Tapahtuman ohjelmassa on mm. erilaisia ty\u00f6pajoja ja esityksi\u00e4 alan huippuammattilaisilta. Muualla Suomessa tai Euroopassa ei vastaavanlaista tapahtumaa ole.\u00a0Marko on toiminut mukana tapahtuman j\u00e4rjestystiimiss\u00e4 jo vuodesta 2008.<\/p>\n<p><strong><br \/>\nDiabolojongleerauksen <\/strong>sek\u00e4 <strong>Jojopelaamisen SM-kipailut<\/strong><\/p>\n<p><strong> <\/strong><\/p>\n<p><strong> <\/strong>Vuosittain Suomen Diaboloseura sek\u00e4 Suomen Jojoyhdistys j\u00e4rjest\u00e4v\u00e4t SM-kilpailut. Marko on ollut j\u00e4rjest\u00e4m\u00e4ss\u00e4 kyseisi\u00e4 tapahtumia kilpailujen alkuajoista asti. Diabolokilpailujen perinne alkoi vuonna 2009 ja jojon SM-kilpailut puolestaan aloitettiin vuonna 2010 jojoharrastuksen noustua Suomessa j\u00e4lleen kerran pinnalle. Molemmat tapahtumat ker\u00e4\u00e4v\u00e4t alan harrastajat yhteen ottamaan mittaa toisistaan sek\u00e4 vaihtamaan kuulumisia ja uusia temppuideoita. Perinteisiin on t\u00e4h\u00e4n menness\u00e4 kuulunut ett\u00e4 kaikki palkitaan sijoituksesta huolimatta. Tapahtumissa pyrit\u00e4\u00e4n noudattamaan reilun pelin henke\u00e4 sek\u00e4 tukemaan harrastajien yhteishenke\u00e4.<\/p>\n","protected":false},"excerpt":{"rendered":"<p>FDC FDC on diabolojongleeraukseen keskittynyt tapahtuma, joka pidet\u00e4\u00e4n vuosittain idyllisess\u00e4 kyl\u00e4kouluymp\u00e4rist\u00f6ss\u00e4 Oriveden Er\u00e4j\u00e4rvell\u00e4. Kyseess\u00e4 on Diaboloharrastajien yhteinen festivaalimuotoinen tapahtuma, joka sis\u00e4lt\u00e4\u00e4 esityksi\u00e4, ty\u00f6pajoja ja yhdess\u00e4oloa. Tapahtuma kokoaa yhteen harrastajia sek\u00e4 ammattilaisia eri puolilta maailmaa vaihtamaan temppuja, ideoita sek\u00e4 kuulumisia.\u00a0Tapahtuman ohjelmassa on mm. erilaisia ty\u00f6pajoja ja esityksi\u00e4 alan huippuammattilaisilta. Muualla Suomessa tai Euroopassa ei vastaavanlaista tapahtumaa [&hellip;]<\/p>\n","protected":false},"author":1,"featured_media":0,"parent":56,"menu_order":3,"comment_status":"closed","ping_status":"closed","template":"","meta":{"footnotes":""},"_links":{"self":[{"href":"https:\/\/www.kumiankka.com\/taikurimarko\/index.php?rest_route=\/wp\/v2\/pages\/53"}],"collection":[{"href":"https:\/\/www.kumiankka.com\/taikurimarko\/index.php?rest_route=\/wp\/v2\/pages"}],"about":[{"href":"https:\/\/www.kumiankka.com\/taikurimarko\/index.php?rest_route=\/wp\/v2\/types\/page"}],"author":[{"embeddable":true,"href":"https:\/\/www.kumiankka.com\/taikurimarko\/index.php?rest_route=\/wp\/v2\/users\/1"}],"replies":[{"embeddable":true,"href":"https:\/\/www.kumiankka.com\/taikurimarko\/index.php?rest_route=%2Fwp%2Fv2%2Fcomments&post=53"}],"version-history":[{"count":16,"href":"https:\/\/www.kumiankka.com\/taikurimarko\/index.php?rest_route=\/wp\/v2\/pages\/53\/revisions"}],"predecessor-version":[{"id":124,"href":"https:\/\/www.kumiankka.com\/taikurimarko\/index.php?rest_route=\/wp\/v2\/pages\/53\/revisions\/124"}],"up":[{"embeddable":true,"href":"https:\/\/www.kumiankka.com\/taikurimarko\/index.php?rest_route=\/wp\/v2\/pages\/56"}],"wp:attachment":[{"href":"https:\/\/www.kumiankka.com\/taikurimarko\/index.php?rest_route=%2Fwp%2Fv2%2Fmedia&parent=53"}],"curies":[{"name":"wp","href":"https:\/\/api.w.org\/{rel}","templated":true}]}}