{"id":56,"date":"2010-11-21T20:12:49","date_gmt":"2010-11-21T18:12:49","guid":{"rendered":"http:\/\/www.kumiankka.com\/taikurimarko\/?page_id=56"},"modified":"2023-03-20T22:37:18","modified_gmt":"2023-03-20T20:37:18","slug":"info-2","status":"publish","type":"page","link":"https:\/\/www.kumiankka.com\/taikurimarko\/?page_id=56","title":{"rendered":"Info"},"content":{"rendered":"<p><a href=\"https:\/\/www.kumiankka.com\/taikurimarko\/wp-content\/uploads\/2023\/03\/Marko-katse-horisonttiin.png\"><img loading=\"lazy\" decoding=\"async\" class=\"alignright wp-image-339\" src=\"https:\/\/www.kumiankka.com\/taikurimarko\/wp-content\/uploads\/2023\/03\/Marko-katse-horisonttiin-684x1024.png\" alt=\"\" width=\"270\" height=\"404\" srcset=\"https:\/\/www.kumiankka.com\/taikurimarko\/wp-content\/uploads\/2023\/03\/Marko-katse-horisonttiin-684x1024.png 684w, https:\/\/www.kumiankka.com\/taikurimarko\/wp-content\/uploads\/2023\/03\/Marko-katse-horisonttiin-200x300.png 200w, https:\/\/www.kumiankka.com\/taikurimarko\/wp-content\/uploads\/2023\/03\/Marko-katse-horisonttiin-768x1151.png 768w, https:\/\/www.kumiankka.com\/taikurimarko\/wp-content\/uploads\/2023\/03\/Marko-katse-horisonttiin-700x1049.png 700w, https:\/\/www.kumiankka.com\/taikurimarko\/wp-content\/uploads\/2023\/03\/Marko-katse-horisonttiin.png 803w\" sizes=\"(max-width: 270px) 100vw, 270px\" \/><\/a>T\u00e4lt\u00e4 sivulta l\u00f6yd\u00e4t tietoa Markosta. Klikkaa jotain seuraavista aiheista:<\/p>\n<p><strong><a href=\"https:\/\/www.kumiankka.com\/taikurimarko\/?page_id=16\" target=\"_self\" rel=\"noopener\">Ansioluettelo<\/a><\/strong><a href=\"https:\/\/www.kumiankka.com\/taikurimarko\/?page_id=16\" target=\"_self\" rel=\"noopener\"> ja toiminta eri vuosina.<br \/>\n<\/a><br \/>\n<strong><a href=\"https:\/\/www.kumiankka.com\/taikurimarko\/?page_id=32\" target=\"_self\" rel=\"noopener\">Produktiot<\/a><\/strong><a href=\"https:\/\/www.kumiankka.com\/taikurimarko\/?page_id=32\" target=\"_self\" rel=\"noopener\"> joissa \u00a0Marko on ollut mukana.<\/a><br \/>\n<strong><a href=\"https:\/\/www.kumiankka.com\/taikurimarko\/?page_id=53\" target=\"_self\" rel=\"noopener\"><br \/>\nTapahtumat<\/a><\/strong><a href=\"https:\/\/www.kumiankka.com\/taikurimarko\/?page_id=53\" target=\"_self\" rel=\"noopener\"> joissa Marko j\u00e4rjest\u00e4j\u00e4n\u00e4.<\/a><\/p>\n","protected":false},"excerpt":{"rendered":"<p>T\u00e4lt\u00e4 sivulta l\u00f6yd\u00e4t tietoa Markosta. Klikkaa jotain seuraavista aiheista: Ansioluettelo ja toiminta eri vuosina. Produktiot joissa \u00a0Marko on ollut mukana. Tapahtumat joissa Marko j\u00e4rjest\u00e4j\u00e4n\u00e4.<\/p>\n","protected":false},"author":1,"featured_media":0,"parent":0,"menu_order":2,"comment_status":"closed","ping_status":"closed","template":"","meta":{"footnotes":""},"_links":{"self":[{"href":"https:\/\/www.kumiankka.com\/taikurimarko\/index.php?rest_route=\/wp\/v2\/pages\/56"}],"collection":[{"href":"https:\/\/www.kumiankka.com\/taikurimarko\/index.php?rest_route=\/wp\/v2\/pages"}],"about":[{"href":"https:\/\/www.kumiankka.com\/taikurimarko\/index.php?rest_route=\/wp\/v2\/types\/page"}],"author":[{"embeddable":true,"href":"https:\/\/www.kumiankka.com\/taikurimarko\/index.php?rest_route=\/wp\/v2\/users\/1"}],"replies":[{"embeddable":true,"href":"https:\/\/www.kumiankka.com\/taikurimarko\/index.php?rest_route=%2Fwp%2Fv2%2Fcomments&post=56"}],"version-history":[{"count":10,"href":"https:\/\/www.kumiankka.com\/taikurimarko\/index.php?rest_route=\/wp\/v2\/pages\/56\/revisions"}],"predecessor-version":[{"id":343,"href":"https:\/\/www.kumiankka.com\/taikurimarko\/index.php?rest_route=\/wp\/v2\/pages\/56\/revisions\/343"}],"wp:attachment":[{"href":"https:\/\/www.kumiankka.com\/taikurimarko\/index.php?rest_route=%2Fwp%2Fv2%2Fmedia&parent=56"}],"curies":[{"name":"wp","href":"https:\/\/api.w.org\/{rel}","templated":true}]}}