{"id":6,"date":"2010-11-21T15:30:24","date_gmt":"2010-11-21T13:30:24","guid":{"rendered":"http:\/\/www.kumiankka.com\/taikurimarko\/?page_id=6"},"modified":"2023-03-30T22:00:10","modified_gmt":"2023-03-30T19:00:10","slug":"taikurimarko","status":"publish","type":"page","link":"https:\/\/www.kumiankka.com\/taikurimarko\/","title":{"rendered":"Taikurimarko"},"content":{"rendered":"<p><a href=\"https:\/\/www.kumiankka.com\/taikurimarko\/wp-content\/uploads\/2023\/03\/Henkselit-TaikuriMarko.png\"><img loading=\"lazy\" decoding=\"async\" class=\"alignright wp-image-332\" src=\"https:\/\/www.kumiankka.com\/taikurimarko\/wp-content\/uploads\/2023\/03\/Henkselit-TaikuriMarko-684x1024.png\" alt=\"\" width=\"400\" height=\"599\" srcset=\"https:\/\/www.kumiankka.com\/taikurimarko\/wp-content\/uploads\/2023\/03\/Henkselit-TaikuriMarko-684x1024.png 684w, https:\/\/www.kumiankka.com\/taikurimarko\/wp-content\/uploads\/2023\/03\/Henkselit-TaikuriMarko-200x300.png 200w, https:\/\/www.kumiankka.com\/taikurimarko\/wp-content\/uploads\/2023\/03\/Henkselit-TaikuriMarko-768x1150.png 768w, https:\/\/www.kumiankka.com\/taikurimarko\/wp-content\/uploads\/2023\/03\/Henkselit-TaikuriMarko-1026x1536.png 1026w, https:\/\/www.kumiankka.com\/taikurimarko\/wp-content\/uploads\/2023\/03\/Henkselit-TaikuriMarko-1367x2048.png 1367w, https:\/\/www.kumiankka.com\/taikurimarko\/wp-content\/uploads\/2023\/03\/Henkselit-TaikuriMarko-700x1048.png 700w\" sizes=\"(max-width: 400px) 100vw, 400px\" \/><\/a><\/p>\n<p><strong>Taikurimarko.net<\/strong><\/p>\n<p>Oletko tavannut miehen, joka kutsuu itse\u00e4\u00e4n lavalla Taikuri Markoksi?\u00a0 Tai etsitk\u00f6 esiintyj\u00e4\u00e4 tapahtumaasi tai lasten juhliisi? Olet tullut oikeaan paikkaan, sill\u00e4 t\u00e4\u00e4lt\u00e4 voit l\u00f6yt\u00e4\u00e4 ammattitason taikurin, diabolojongl\u00f6\u00f6rin sek\u00e4 jojotaiturin samasta paketista. Taikuri Marko Akkanen on Tamperelainen lasten ja nuorten tapahtumiin erikoistunut taikuri, jolla on yli 25 -vuoden kokemus alalta.<\/p>\n<p>Sinun kannattaa vilkaista ensin &#8221;<a href=\"https:\/\/www.kumiankka.com\/taikurimarko\/?page_id=21\">Esitykset<\/a>&#8221;-sivu, jossa voit lukea tarjottavista esityksist\u00e4 sek\u00e4 &#8221;<a href=\"https:\/\/www.kumiankka.com\/taikurimarko\/?page_id=56\">Info<\/a>&#8221;-sivu, josta voit lukea tietoa miehest\u00e4 itsest\u00e4\u00e4n. &#8221;<a href=\"https:\/\/www.kumiankka.com\/taikurimarko\/?page_id=37\">Medialle<\/a>&#8221;-osiosta l\u00f6yd\u00e4t k\u00e4ytt\u00f6\u00f6si painolaatuisia kuvia, joilla voit mainostaa tapahtumaasi.<\/p>\n<p><strong><br \/>\nTaikuri ja Jongl\u00f6\u00f6ri<br \/>\n<\/strong>Marko Akkanen<br \/>\np. 040 725 4539<br \/>\nmarko(a)kumiankka.com<\/p>\n","protected":false},"excerpt":{"rendered":"<p>Taikurimarko.net Oletko tavannut miehen, joka kutsuu itse\u00e4\u00e4n lavalla Taikuri Markoksi?\u00a0 Tai etsitk\u00f6 esiintyj\u00e4\u00e4 tapahtumaasi tai lasten juhliisi? Olet tullut oikeaan paikkaan, sill\u00e4 t\u00e4\u00e4lt\u00e4 voit l\u00f6yt\u00e4\u00e4 ammattitason taikurin, diabolojongl\u00f6\u00f6rin sek\u00e4 jojotaiturin samasta paketista. Taikuri Marko Akkanen on Tamperelainen lasten ja nuorten tapahtumiin erikoistunut taikuri, jolla on yli 25 -vuoden kokemus alalta. Sinun kannattaa vilkaista ensin &#8221;Esitykset&#8221;-sivu, [&hellip;]<\/p>\n","protected":false},"author":1,"featured_media":0,"parent":0,"menu_order":0,"comment_status":"closed","ping_status":"closed","template":"","meta":{"footnotes":""},"_links":{"self":[{"href":"https:\/\/www.kumiankka.com\/taikurimarko\/index.php?rest_route=\/wp\/v2\/pages\/6"}],"collection":[{"href":"https:\/\/www.kumiankka.com\/taikurimarko\/index.php?rest_route=\/wp\/v2\/pages"}],"about":[{"href":"https:\/\/www.kumiankka.com\/taikurimarko\/index.php?rest_route=\/wp\/v2\/types\/page"}],"author":[{"embeddable":true,"href":"https:\/\/www.kumiankka.com\/taikurimarko\/index.php?rest_route=\/wp\/v2\/users\/1"}],"replies":[{"embeddable":true,"href":"https:\/\/www.kumiankka.com\/taikurimarko\/index.php?rest_route=%2Fwp%2Fv2%2Fcomments&post=6"}],"version-history":[{"count":21,"href":"https:\/\/www.kumiankka.com\/taikurimarko\/index.php?rest_route=\/wp\/v2\/pages\/6\/revisions"}],"predecessor-version":[{"id":384,"href":"https:\/\/www.kumiankka.com\/taikurimarko\/index.php?rest_route=\/wp\/v2\/pages\/6\/revisions\/384"}],"wp:attachment":[{"href":"https:\/\/www.kumiankka.com\/taikurimarko\/index.php?rest_route=%2Fwp%2Fv2%2Fmedia&parent=6"}],"curies":[{"name":"wp","href":"https:\/\/api.w.org\/{rel}","templated":true}]}}